{"id":35,"date":"2024-12-27T10:32:14","date_gmt":"2024-12-27T10:32:14","guid":{"rendered":"https:\/\/clanyeco.vamtam.com\/?page_id=35"},"modified":"2025-07-12T02:52:25","modified_gmt":"2025-07-11T23:52:25","slug":"move-in-out-cleaning","status":"publish","type":"page","link":"https:\/\/xn--fixlwe-zxa.de\/index.php\/services\/move-in-out-cleaning\/","title":{"rendered":"Wohnungsumzug"},"content":{"rendered":"\t\t<div data-elementor-type=\"wp-page\" data-elementor-id=\"35\" class=\"elementor elementor-35\" data-elementor-post-type=\"page\">\n\t\t\t\t<div class=\"elementor-element elementor-element-1e33a945 e-flex e-con-boxed e-con e-parent\" data-id=\"1e33a945\" data-element_type=\"container\">\n\t\t\t\t\t<div class=\"e-con-inner\">\n\t\t\t\t<div class=\"elementor-element elementor-element-5e5b0dd9 animated-fast elementor-invisible elementor-widget elementor-widget-heading\" data-id=\"5e5b0dd9\" data-element_type=\"widget\" data-settings=\"{&quot;_animation&quot;:&quot;fadeIn&quot;,&quot;_animation_delay&quot;:250}\" data-widget_type=\"heading.default\">\n\t\t\t\t<div class=\"elementor-widget-container\">\n\t\t\t\t\t<h2 class=\"elementor-heading-title elementor-size-default\">Ziehen Sie sicher und stressfrei in Ihr neues Zuhause um!\n<\/h2>\t\t\t\t<\/div>\n\t\t\t\t<\/div>\n\t\t\t\t<div class=\"elementor-element elementor-element-12154bb1 animated-fast elementor-invisible elementor-widget elementor-widget-text-editor\" data-id=\"12154bb1\" data-element_type=\"widget\" data-settings=\"{&quot;_animation&quot;:&quot;fadeIn&quot;,&quot;_animation_delay&quot;:300}\" data-widget_type=\"text-editor.default\">\n\t\t\t\t<div class=\"elementor-widget-container\">\n\t\t\t\t\t\t\t\t\t<div class=\"elementor-element elementor-element-7a6ee7e e-con-full e-flex e-con e-child\" data-id=\"7a6ee7e\" data-element_type=\"container\"><div class=\"elementor-element elementor-element-bb4af44 animated-fast elementor-widget elementor-widget-text-editor animated fadeIn\" data-id=\"bb4af44\" data-element_type=\"widget\" data-settings=\"{&quot;_animation&quot;:&quot;fadeIn&quot;,&quot;_animation_delay&quot;:300}\" data-widget_type=\"text-editor.default\"><div class=\"elementor-widget-container\"><p>Ein Umzug kann stressig sein, aber wir machen ihn f\u00fcr Sie einfach und sicher. Wir verpacken Ihre Sachen sorgf\u00e4ltig und transportieren sie mit gro\u00dfer Sorgfalt. Mit unserem professionellen Team garantieren wir eine p\u00fcnktliche und unbesch\u00e4digte Lieferung. Mit unserem zuverl\u00e4ssigen und erfahrenen Service stehen wir Ihnen zur Seite, damit Ihr Umzug in Ihr neues Zuhause reibungslos verl\u00e4uft.<\/p><\/div><\/div><\/div><div class=\"elementor-element elementor-element-ed412e4 e-con-full e-flex e-con e-child\" data-id=\"ed412e4\" data-element_type=\"container\" data-settings=\"{&quot;background_background&quot;:&quot;classic&quot;}\"><div class=\"elementor-element elementor-element-b0f65b6 e-con-full e-flex e-con e-child\" data-id=\"b0f65b6\" data-element_type=\"container\"><div class=\"elementor-element elementor-element-b412e1d elementor-widget__width-initial elementor-widget elementor-widget-spacer\" data-id=\"b412e1d\" data-element_type=\"widget\" data-widget_type=\"spacer.default\"><div class=\"elementor-widget-container\"><div class=\"elementor-spacer\">\u00a0<\/div><\/div><\/div><\/div><\/div>\t\t\t\t\t\t\t\t<\/div>\n\t\t\t\t<\/div>\n\t\t\t\t\t<\/div>\n\t\t\t\t<\/div>\n\t\t<div class=\"elementor-element elementor-element-65d21f75 e-flex e-con-boxed e-con e-parent\" data-id=\"65d21f75\" data-element_type=\"container\" data-settings=\"{&quot;background_background&quot;:&quot;classic&quot;}\">\n\t\t\t\t\t<div class=\"e-con-inner\">\n\t\t<div class=\"elementor-element elementor-element-25ec9ad2 e-con-full e-flex e-con e-child\" data-id=\"25ec9ad2\" data-element_type=\"container\">\n\t\t\t\t<div class=\"elementor-element elementor-element-48dba1fc elementor-widget__width-initial elementor-widget elementor-widget-spacer\" data-id=\"48dba1fc\" data-element_type=\"widget\" data-widget_type=\"spacer.default\">\n\t\t\t\t<div class=\"elementor-widget-container\">\n\t\t\t\t\t\t\t<div class=\"elementor-spacer\">\n\t\t\t<div class=\"elementor-spacer-inner\"><\/div>\n\t\t<\/div>\n\t\t\t\t\t\t<\/div>\n\t\t\t\t<\/div>\n\t\t<div class=\"elementor-element elementor-element-1a83a21b e-con-full e-flex e-con e-child\" data-id=\"1a83a21b\" data-element_type=\"container\">\n\t\t\t\t<div class=\"elementor-element elementor-element-5d27561b elementor-absolute elementor-view-default elementor-widget elementor-widget-icon\" data-id=\"5d27561b\" data-element_type=\"widget\" data-settings=\"{&quot;_position&quot;:&quot;absolute&quot;,&quot;motion_fx_motion_fx_scrolling&quot;:&quot;yes&quot;,&quot;motion_fx_rotateZ_effect&quot;:&quot;yes&quot;,&quot;motion_fx_rotateZ_direction&quot;:&quot;negative&quot;,&quot;motion_fx_rotateZ_affectedRange&quot;:{&quot;unit&quot;:&quot;%&quot;,&quot;size&quot;:&quot;&quot;,&quot;sizes&quot;:{&quot;start&quot;:35,&quot;end&quot;:81}},&quot;motion_fx_devices&quot;:[&quot;desktop&quot;],&quot;motion_fx_rotateZ_speed&quot;:{&quot;unit&quot;:&quot;px&quot;,&quot;size&quot;:1,&quot;sizes&quot;:[]}}\" data-widget_type=\"icon.default\">\n\t\t\t\t<div class=\"elementor-widget-container\">\n\t\t\t\t\t\t\t<div class=\"elementor-icon-wrapper\">\n\t\t\t<div class=\"elementor-icon\">\n\t\t\t<svg xmlns=\"http:\/\/www.w3.org\/2000\/svg\" xmlns:xlink=\"http:\/\/www.w3.org\/1999\/xlink\" width=\"51px\" height=\"41px\" viewBox=\"0 0 51 41\"><title>leaf-group-1<\/title><g id=\"Pages\" stroke=\"none\" stroke-width=\"1\" fill=\"none\" fill-rule=\"evenodd\"><g id=\"Home-1--new\" transform=\"translate(-245, -1076)\" fill=\"#3CA200\"><g id=\"Group-95\" transform=\"translate(141, 923)\"><g id=\"Group-94\" transform=\"translate(0, 153.3361)\"><g id=\"Group-35\" transform=\"translate(49, 0)\"><g id=\"leaf-group-1\" transform=\"translate(55.9628, 0)\"><path d=\"M34.5123108,28.3699086 C31.4031313,26.0763831 28.7144148,25.1005491 24.0769793,24.8219308 L28.8330262,20.9892212 C32.7016852,20.6879243 36.2773512,21.0925605 39.7985736,21.8281439 C36.1764343,20.4075528 33.1756925,20.2130838 29.3884685,20.2627892 L36.2959338,13.736286 C38.2145474,14.2006583 39.850353,14.1845251 41.8428809,13.9333721 C40.0211934,14.0040091 38.5743725,13.9564817 36.8274762,13.1720621 L43.2998756,7.29698989 L33.5744589,15.2602206 C32.9552794,13.6089779 32.5954554,12.1190563 32.7875383,10.1098306 C32.16349,12.2006028 32.6025366,13.8610047 32.882252,15.9190719 L25.8951278,21.8543267 C26.2491983,19.1287031 26.0774742,16.1863603 24.2779161,13.5396584 C24.8541645,14.975068 26.5572428,20.0020695 24.8612468,22.6073503 L17.7130175,28.5173093 C14.3953827,7.95546465 28.8648965,9.3743058 44.0371977,6.6638773 C41.3267959,23.8495645 43.0480149,36.6305423 18.9982837,30.4498173 L15.3314473,33.4933096 C14.7419212,33.9825357 13.0530086,32.3849168 14.8242421,32.4049773 L23.3245809,25.7559494 C27.8726121,25.788603 31.1751942,26.6785417 34.5123108,28.3699086 Z\" id=\"Path\" transform=\"translate(29.0372, 20.1252) rotate(-45) translate(-29.0372, -20.1252)\"><\/path><path d=\"M11.2747543,28.516893 C9.72016453,27.3701302 8.37580625,26.8822132 6.0570885,26.7429041 L8.43511196,24.8265493 C10.3694415,24.6759008 12.1572745,24.8782189 13.9178857,25.2460106 C12.106816,24.5357151 10.6064451,24.4384805 8.7128331,24.4633332 L12.1665658,21.2000817 C13.1258726,21.4322678 13.9437754,21.4242012 14.9400393,21.2986247 C14.0291956,21.3339432 13.3057851,21.3101795 12.432337,20.9179697 L15.6685367,17.9804336 L10.8058283,21.962049 C10.4962386,21.1364276 10.3163266,20.3914668 10.412368,19.3868539 C10.1003439,20.4322401 10.3198672,21.262441 10.4597249,22.2914746 L6.96616278,25.259102 C7.14319799,23.8962902 7.05733596,22.4251188 6.1575569,21.1017678 C6.44568113,21.8194727 7.29722028,24.3329734 6.44922228,25.6356138 L2.87510761,28.5905933 C1.21629024,18.309671 8.4510471,19.0190915 16.0371977,17.6638773 C14.6819968,26.2567209 15.5426063,32.6472098 3.5177407,29.5568473 L1.6843225,31.0785935 C1.38955947,31.3232065 0.545103176,30.524397 1.43071992,30.5344273 L5.6808893,27.2099133 C7.9549049,27.2262401 9.60619595,27.6712095 11.2747543,28.516893 Z\" id=\"Path-Copy-5\" transform=\"translate(8.5372, 24.3945) rotate(-74) translate(-8.5372, -24.3945)\"><\/path><\/g><\/g><\/g><\/g><\/g><\/g><\/svg>\t\t\t<\/div>\n\t\t<\/div>\n\t\t\t\t\t\t<\/div>\n\t\t\t\t<\/div>\n\t\t\t\t<div class=\"elementor-element elementor-element-6fd3c581 elementor-view-default elementor-widget elementor-widget-icon\" data-id=\"6fd3c581\" data-element_type=\"widget\" data-widget_type=\"icon.default\">\n\t\t\t\t<div class=\"elementor-widget-container\">\n\t\t\t\t\t\t\t<div class=\"elementor-icon-wrapper\">\n\t\t\t<div class=\"elementor-icon\">\n\t\t\t<i aria-hidden=\"true\" class=\"fas fa-people-carry\"><\/i>\t\t\t<\/div>\n\t\t<\/div>\n\t\t\t\t\t\t<\/div>\n\t\t\t\t<\/div>\n\t\t\t\t<\/div>\n\t\t\t\t<div class=\"elementor-element elementor-element-4bc30e3c elementor-widget__width-initial elementor-widget elementor-widget-spacer\" data-id=\"4bc30e3c\" data-element_type=\"widget\" data-widget_type=\"spacer.default\">\n\t\t\t\t<div class=\"elementor-widget-container\">\n\t\t\t\t\t\t\t<div class=\"elementor-spacer\">\n\t\t\t<div class=\"elementor-spacer-inner\"><\/div>\n\t\t<\/div>\n\t\t\t\t\t\t<\/div>\n\t\t\t\t<\/div>\n\t\t\t\t<\/div>\n\t\t\t\t<div class=\"elementor-element elementor-element-5e5d294a elementor-widget__width-initial animated-fast elementor-invisible elementor-widget elementor-widget-heading\" data-id=\"5e5d294a\" data-element_type=\"widget\" data-settings=\"{&quot;_animation&quot;:&quot;fadeInUp&quot;,&quot;_animation_delay&quot;:100}\" data-widget_type=\"heading.default\">\n\t\t\t\t<div class=\"elementor-widget-container\">\n\t\t\t\t\t<h3 class=\"elementor-heading-title elementor-size-default\">Unsere Aufgabenliste f\u00fcr den Umzug\n<\/h3>\t\t\t\t<\/div>\n\t\t\t\t<\/div>\n\t\t\t\t<div class=\"elementor-element elementor-element-d4712f4 elementor-widget__width-initial animated-fast elementor-invisible elementor-widget elementor-widget-text-editor\" data-id=\"d4712f4\" data-element_type=\"widget\" data-settings=\"{&quot;_animation&quot;:&quot;fadeIn&quot;,&quot;_animation_delay&quot;:200}\" data-widget_type=\"text-editor.default\">\n\t\t\t\t<div class=\"elementor-widget-container\">\n\t\t\t\t\t\t\t\t\t<div class=\"elementor-element elementor-element-ca2ae91 elementor-widget__width-initial animated-fast elementor-widget elementor-widget-text-editor animated fadeIn\" data-id=\"ca2ae91\" data-element_type=\"widget\" data-settings=\"{&quot;_animation&quot;:&quot;fadeIn&quot;,&quot;_animation_delay&quot;:200}\" data-widget_type=\"text-editor.default\"><div class=\"elementor-widget-container\"><article class=\"text-token-text-primary w-full\" dir=\"auto\" data-testid=\"conversation-turn-42\" data-scroll-anchor=\"true\"><div class=\"text-base my-auto mx-auto py-5 [--thread-content-margin:--spacing(4)] @[37rem]:[--thread-content-margin:--spacing(6)] @[72rem]:[--thread-content-margin:--spacing(16)] px-(--thread-content-margin)\"><div class=\"[--thread-content-max-width:32rem] @[34rem]:[--thread-content-max-width:40rem] @[64rem]:[--thread-content-max-width:48rem] mx-auto flex max-w-(--thread-content-max-width) flex-1 text-base gap-4 md:gap-5 lg:gap-6 group\/turn-messages focus-visible:outline-hidden\" tabindex=\"-1\"><div class=\"group\/conversation-turn relative flex w-full min-w-0 flex-col agent-turn\"><div class=\"relative flex-col gap-1 md:gap-3\"><div class=\"flex max-w-full flex-col grow\"><div class=\"min-h-8 text-message relative flex w-full flex-col items-end gap-2 text-start break-words whitespace-normal [.text-message+&amp;]:mt-5\" dir=\"auto\" data-message-author-role=\"assistant\" data-message-id=\"d6c22248-f5ed-4905-a5d0-be500db9116b\" data-message-model-slug=\"gpt-4-1-mini\"><div class=\"flex w-full flex-col gap-1 empty:hidden first:pt-[3px]\"><div class=\"markdown prose dark:prose-invert w-full break-words dark\"><p data-start=\"0\" data-end=\"109\" data-is-last-node=\"\" data-is-only-node=\"\">Hier sind die Transportaufgaben, die wir f\u00fcr Sie \u00fcbernehmen k\u00f6nnen:<\/p><\/div><\/div><\/div><\/div><\/div><\/div><\/div><\/div><\/article><\/div><\/div>\t\t\t\t\t\t\t\t<\/div>\n\t\t\t\t<\/div>\n\t\t<div class=\"elementor-element elementor-element-27d760ee e-con-full e-flex e-con e-child\" data-id=\"27d760ee\" data-element_type=\"container\">\n\t\t<div class=\"elementor-element elementor-element-2e9c8b9a e-con-full animated-fast vamtam-has-theme-cp vamtam-cp-top-left e-flex elementor-invisible e-con e-child\" data-id=\"2e9c8b9a\" data-element_type=\"container\" data-settings=\"{&quot;background_background&quot;:&quot;classic&quot;,&quot;animation_delay&quot;:450,&quot;animation&quot;:&quot;fadeInUp&quot;}\">\n\t\t\t\t<div class=\"elementor-element elementor-element-2aa75ebc elementor-icon-list--layout-traditional elementor-list-item-link-full_width elementor-widget elementor-widget-icon-list\" data-id=\"2aa75ebc\" data-element_type=\"widget\" data-widget_type=\"icon-list.default\">\n\t\t\t\t<div class=\"elementor-widget-container\">\n\t\t\t\t\t\t\t<ul class=\"elementor-icon-list-items\">\n\t\t\t\t\t\t\t<li class=\"elementor-icon-list-item\">\n\t\t\t\t\t\t\t\t\t\t\t<span class=\"elementor-icon-list-icon\">\n\t\t\t\t\t\t\t<i aria-hidden=\"true\" class=\"vamtamtheme- vamtam-theme-check-round\"><\/i>\t\t\t\t\t\t<\/span>\n\t\t\t\t\t\t\t\t\t\t<span class=\"elementor-icon-list-text\">Kostenlose Besichtigung und Planung<\/span>\n\t\t\t\t\t\t\t\t\t<\/li>\n\t\t\t\t\t\t\t\t<li class=\"elementor-icon-list-item\">\n\t\t\t\t\t\t\t\t\t\t\t<span class=\"elementor-icon-list-icon\">\n\t\t\t\t\t\t\t<i aria-hidden=\"true\" class=\"vamtamtheme- vamtam-theme-check-round\"><\/i>\t\t\t\t\t\t<\/span>\n\t\t\t\t\t\t\t\t\t\t<span class=\"elementor-icon-list-text\">Sorgf\u00e4ltiges Verpacken<\/span>\n\t\t\t\t\t\t\t\t\t<\/li>\n\t\t\t\t\t\t\t\t<li class=\"elementor-icon-list-item\">\n\t\t\t\t\t\t\t\t\t\t\t<span class=\"elementor-icon-list-icon\">\n\t\t\t\t\t\t\t<i aria-hidden=\"true\" class=\"vamtamtheme- vamtam-theme-check-round\"><\/i>\t\t\t\t\t\t<\/span>\n\t\t\t\t\t\t\t\t\t\t<span class=\"elementor-icon-list-text\">Professioneller Transport<\/span>\n\t\t\t\t\t\t\t\t\t<\/li>\n\t\t\t\t\t\t\t\t<li class=\"elementor-icon-list-item\">\n\t\t\t\t\t\t\t\t\t\t\t<span class=\"elementor-icon-list-icon\">\n\t\t\t\t\t\t\t<i aria-hidden=\"true\" class=\"vamtamtheme- vamtam-theme-check-round\"><\/i>\t\t\t\t\t\t<\/span>\n\t\t\t\t\t\t\t\t\t\t<span class=\"elementor-icon-list-text\">Lieferung an die neue Adresse<\/span>\n\t\t\t\t\t\t\t\t\t<\/li>\n\t\t\t\t\t\t\t\t<li class=\"elementor-icon-list-item\">\n\t\t\t\t\t\t\t\t\t\t\t<span class=\"elementor-icon-list-icon\">\n\t\t\t\t\t\t\t<i aria-hidden=\"true\" class=\"vamtamtheme- vamtam-theme-check-round\"><\/i>\t\t\t\t\t\t<\/span>\n\t\t\t\t\t\t\t\t\t\t<span class=\"elementor-icon-list-text\">Einr\u00e4umen und Kontrolle<\/span>\n\t\t\t\t\t\t\t\t\t<\/li>\n\t\t\t\t\t\t<\/ul>\n\t\t\t\t\t\t<\/div>\n\t\t\t\t<\/div>\n\t\t\t\t<\/div>\n\t\t\t\t<\/div>\n\t\t\t\t\t<\/div>\n\t\t\t\t<\/div>\n\t\t\t\t<\/div>\n\t\t","protected":false},"excerpt":{"rendered":"<p>You\u2019ve packed up and are ready to move into your new home, but the place you\u2019re leaving behind still needs a thorough cleaning. Moving out can be stressful, and cleaning may be the last thing on your mind. <\/p>\n","protected":false},"author":1,"featured_media":987704,"parent":21,"menu_order":0,"comment_status":"closed","ping_status":"closed","template":"","meta":{"footnotes":""},"class_list":["post-35","page","type-page","status-publish","has-post-thumbnail","hentry"],"yoast_head":"<!-- This site is optimized with the Yoast SEO Premium plugin v25.3.1 (Yoast SEO v25.3.1) - https:\/\/yoast.com\/wordpress\/plugins\/seo\/ -->\n<title>Wohnungsumzug - Fixl\u00f6we<\/title>\n<meta name=\"robots\" content=\"index, follow, max-snippet:-1, max-image-preview:large, max-video-preview:-1\" \/>\n<link rel=\"canonical\" href=\"https:\/\/xn--fixlwe-zxa.de\/index.php\/services\/move-in-out-cleaning\/\" \/>\n<meta property=\"og:locale\" content=\"de_DE\" \/>\n<meta property=\"og:type\" content=\"article\" \/>\n<meta property=\"og:title\" content=\"Wohnungsumzug\" \/>\n<meta property=\"og:description\" content=\"You\u2019ve packed up and are ready to move into your new home, but the place you\u2019re leaving behind still needs a thorough cleaning. Moving out can be stressful, and cleaning may be the last thing on your mind.\" \/>\n<meta property=\"og:url\" content=\"https:\/\/xn--fixlwe-zxa.de\/index.php\/services\/move-in-out-cleaning\/\" \/>\n<meta property=\"og:site_name\" content=\"Fixl\u00f6we\" \/>\n<meta property=\"article:modified_time\" content=\"2025-07-11T23:52:25+00:00\" \/>\n<meta name=\"twitter:card\" content=\"summary_large_image\" \/>\n<meta name=\"twitter:label1\" content=\"Gesch\u00e4tzte Lesezeit\" \/>\n\t<meta name=\"twitter:data1\" content=\"1\u00a0Minute\" \/>\n<script type=\"application\/ld+json\" class=\"yoast-schema-graph\">{\"@context\":\"https:\/\/schema.org\",\"@graph\":[{\"@type\":\"WebPage\",\"@id\":\"https:\/\/xn--fixlwe-zxa.de\/index.php\/services\/move-in-out-cleaning\/\",\"url\":\"https:\/\/xn--fixlwe-zxa.de\/index.php\/services\/move-in-out-cleaning\/\",\"name\":\"Wohnungsumzug - Fixl\u00f6we\",\"isPartOf\":{\"@id\":\"https:\/\/xn--fixlwe-zxa.de\/#website\"},\"primaryImageOfPage\":{\"@id\":\"https:\/\/xn--fixlwe-zxa.de\/index.php\/services\/move-in-out-cleaning\/#primaryimage\"},\"image\":{\"@id\":\"https:\/\/xn--fixlwe-zxa.de\/index.php\/services\/move-in-out-cleaning\/#primaryimage\"},\"thumbnailUrl\":\"https:\/\/xn--fixlwe-zxa.de\/wp-content\/uploads\/2025\/07\/ev-tasima.avif\",\"datePublished\":\"2024-12-27T10:32:14+00:00\",\"dateModified\":\"2025-07-11T23:52:25+00:00\",\"breadcrumb\":{\"@id\":\"https:\/\/xn--fixlwe-zxa.de\/index.php\/services\/move-in-out-cleaning\/#breadcrumb\"},\"inLanguage\":\"de\",\"potentialAction\":[{\"@type\":\"ReadAction\",\"target\":[\"https:\/\/xn--fixlwe-zxa.de\/index.php\/services\/move-in-out-cleaning\/\"]}]},{\"@type\":\"ImageObject\",\"inLanguage\":\"de\",\"@id\":\"https:\/\/xn--fixlwe-zxa.de\/index.php\/services\/move-in-out-cleaning\/#primaryimage\",\"url\":\"https:\/\/xn--fixlwe-zxa.de\/wp-content\/uploads\/2025\/07\/ev-tasima.avif\",\"contentUrl\":\"https:\/\/xn--fixlwe-zxa.de\/wp-content\/uploads\/2025\/07\/ev-tasima.avif\",\"width\":875,\"height\":500},{\"@type\":\"BreadcrumbList\",\"@id\":\"https:\/\/xn--fixlwe-zxa.de\/index.php\/services\/move-in-out-cleaning\/#breadcrumb\",\"itemListElement\":[{\"@type\":\"ListItem\",\"position\":1,\"name\":\"Home\",\"item\":\"https:\/\/xn--fixlwe-zxa.de\/\"},{\"@type\":\"ListItem\",\"position\":2,\"name\":\"Transport\",\"item\":\"https:\/\/xn--fixlwe-zxa.de\/index.php\/services\/\"},{\"@type\":\"ListItem\",\"position\":3,\"name\":\"Wohnungsumzug\"}]},{\"@type\":\"WebSite\",\"@id\":\"https:\/\/xn--fixlwe-zxa.de\/#website\",\"url\":\"https:\/\/xn--fixlwe-zxa.de\/\",\"name\":\"Fixl\u00f6we - Renovierungs und Umzugsservice\",\"description\":\"\",\"publisher\":{\"@id\":\"https:\/\/xn--fixlwe-zxa.de\/#organization\"},\"potentialAction\":[{\"@type\":\"SearchAction\",\"target\":{\"@type\":\"EntryPoint\",\"urlTemplate\":\"https:\/\/xn--fixlwe-zxa.de\/?s={search_term_string}\"},\"query-input\":{\"@type\":\"PropertyValueSpecification\",\"valueRequired\":true,\"valueName\":\"search_term_string\"}}],\"inLanguage\":\"de\"},{\"@type\":\"Organization\",\"@id\":\"https:\/\/xn--fixlwe-zxa.de\/#organization\",\"name\":\"Fixl\u00f6we - Renovierungs und Umzugsservice\",\"url\":\"https:\/\/xn--fixlwe-zxa.de\/\",\"logo\":{\"@type\":\"ImageObject\",\"inLanguage\":\"de\",\"@id\":\"https:\/\/xn--fixlwe-zxa.de\/#\/schema\/logo\/image\/\",\"url\":\"https:\/\/xn--fixlwe-zxa.de\/wp-content\/uploads\/2025\/07\/cropped-logo-removebg-preview.png\",\"contentUrl\":\"https:\/\/xn--fixlwe-zxa.de\/wp-content\/uploads\/2025\/07\/cropped-logo-removebg-preview.png\",\"width\":512,\"height\":512,\"caption\":\"Fixl\u00f6we - Renovierungs und Umzugsservice\"},\"image\":{\"@id\":\"https:\/\/xn--fixlwe-zxa.de\/#\/schema\/logo\/image\/\"}}]}<\/script>\n<!-- \/ Yoast SEO Premium plugin. -->","yoast_head_json":{"title":"Wohnungsumzug - Fixl\u00f6we","robots":{"index":"index","follow":"follow","max-snippet":"max-snippet:-1","max-image-preview":"max-image-preview:large","max-video-preview":"max-video-preview:-1"},"canonical":"https:\/\/xn--fixlwe-zxa.de\/index.php\/services\/move-in-out-cleaning\/","og_locale":"de_DE","og_type":"article","og_title":"Wohnungsumzug","og_description":"You\u2019ve packed up and are ready to move into your new home, but the place you\u2019re leaving behind still needs a thorough cleaning. Moving out can be stressful, and cleaning may be the last thing on your mind.","og_url":"https:\/\/xn--fixlwe-zxa.de\/index.php\/services\/move-in-out-cleaning\/","og_site_name":"Fixl\u00f6we","article_modified_time":"2025-07-11T23:52:25+00:00","twitter_card":"summary_large_image","twitter_misc":{"Gesch\u00e4tzte Lesezeit":"1\u00a0Minute"},"schema":{"@context":"https:\/\/schema.org","@graph":[{"@type":"WebPage","@id":"https:\/\/xn--fixlwe-zxa.de\/index.php\/services\/move-in-out-cleaning\/","url":"https:\/\/xn--fixlwe-zxa.de\/index.php\/services\/move-in-out-cleaning\/","name":"Wohnungsumzug - Fixl\u00f6we","isPartOf":{"@id":"https:\/\/xn--fixlwe-zxa.de\/#website"},"primaryImageOfPage":{"@id":"https:\/\/xn--fixlwe-zxa.de\/index.php\/services\/move-in-out-cleaning\/#primaryimage"},"image":{"@id":"https:\/\/xn--fixlwe-zxa.de\/index.php\/services\/move-in-out-cleaning\/#primaryimage"},"thumbnailUrl":"https:\/\/xn--fixlwe-zxa.de\/wp-content\/uploads\/2025\/07\/ev-tasima.avif","datePublished":"2024-12-27T10:32:14+00:00","dateModified":"2025-07-11T23:52:25+00:00","breadcrumb":{"@id":"https:\/\/xn--fixlwe-zxa.de\/index.php\/services\/move-in-out-cleaning\/#breadcrumb"},"inLanguage":"de","potentialAction":[{"@type":"ReadAction","target":["https:\/\/xn--fixlwe-zxa.de\/index.php\/services\/move-in-out-cleaning\/"]}]},{"@type":"ImageObject","inLanguage":"de","@id":"https:\/\/xn--fixlwe-zxa.de\/index.php\/services\/move-in-out-cleaning\/#primaryimage","url":"https:\/\/xn--fixlwe-zxa.de\/wp-content\/uploads\/2025\/07\/ev-tasima.avif","contentUrl":"https:\/\/xn--fixlwe-zxa.de\/wp-content\/uploads\/2025\/07\/ev-tasima.avif","width":875,"height":500},{"@type":"BreadcrumbList","@id":"https:\/\/xn--fixlwe-zxa.de\/index.php\/services\/move-in-out-cleaning\/#breadcrumb","itemListElement":[{"@type":"ListItem","position":1,"name":"Home","item":"https:\/\/xn--fixlwe-zxa.de\/"},{"@type":"ListItem","position":2,"name":"Transport","item":"https:\/\/xn--fixlwe-zxa.de\/index.php\/services\/"},{"@type":"ListItem","position":3,"name":"Wohnungsumzug"}]},{"@type":"WebSite","@id":"https:\/\/xn--fixlwe-zxa.de\/#website","url":"https:\/\/xn--fixlwe-zxa.de\/","name":"Fixl\u00f6we - Renovierungs und Umzugsservice","description":"","publisher":{"@id":"https:\/\/xn--fixlwe-zxa.de\/#organization"},"potentialAction":[{"@type":"SearchAction","target":{"@type":"EntryPoint","urlTemplate":"https:\/\/xn--fixlwe-zxa.de\/?s={search_term_string}"},"query-input":{"@type":"PropertyValueSpecification","valueRequired":true,"valueName":"search_term_string"}}],"inLanguage":"de"},{"@type":"Organization","@id":"https:\/\/xn--fixlwe-zxa.de\/#organization","name":"Fixl\u00f6we - Renovierungs und Umzugsservice","url":"https:\/\/xn--fixlwe-zxa.de\/","logo":{"@type":"ImageObject","inLanguage":"de","@id":"https:\/\/xn--fixlwe-zxa.de\/#\/schema\/logo\/image\/","url":"https:\/\/xn--fixlwe-zxa.de\/wp-content\/uploads\/2025\/07\/cropped-logo-removebg-preview.png","contentUrl":"https:\/\/xn--fixlwe-zxa.de\/wp-content\/uploads\/2025\/07\/cropped-logo-removebg-preview.png","width":512,"height":512,"caption":"Fixl\u00f6we - Renovierungs und Umzugsservice"},"image":{"@id":"https:\/\/xn--fixlwe-zxa.de\/#\/schema\/logo\/image\/"}}]}},"_links":{"self":[{"href":"https:\/\/xn--fixlwe-zxa.de\/index.php\/wp-json\/wp\/v2\/pages\/35","targetHints":{"allow":["GET"]}}],"collection":[{"href":"https:\/\/xn--fixlwe-zxa.de\/index.php\/wp-json\/wp\/v2\/pages"}],"about":[{"href":"https:\/\/xn--fixlwe-zxa.de\/index.php\/wp-json\/wp\/v2\/types\/page"}],"author":[{"embeddable":true,"href":"https:\/\/xn--fixlwe-zxa.de\/index.php\/wp-json\/wp\/v2\/users\/1"}],"replies":[{"embeddable":true,"href":"https:\/\/xn--fixlwe-zxa.de\/index.php\/wp-json\/wp\/v2\/comments?post=35"}],"version-history":[{"count":4,"href":"https:\/\/xn--fixlwe-zxa.de\/index.php\/wp-json\/wp\/v2\/pages\/35\/revisions"}],"predecessor-version":[{"id":987716,"href":"https:\/\/xn--fixlwe-zxa.de\/index.php\/wp-json\/wp\/v2\/pages\/35\/revisions\/987716"}],"up":[{"embeddable":true,"href":"https:\/\/xn--fixlwe-zxa.de\/index.php\/wp-json\/wp\/v2\/pages\/21"}],"wp:featuredmedia":[{"embeddable":true,"href":"https:\/\/xn--fixlwe-zxa.de\/index.php\/wp-json\/wp\/v2\/media\/987704"}],"wp:attachment":[{"href":"https:\/\/xn--fixlwe-zxa.de\/index.php\/wp-json\/wp\/v2\/media?parent=35"}],"curies":[{"name":"wp","href":"https:\/\/api.w.org\/{rel}","templated":true}]}}